{"id":5821,"date":"2021-05-11T18:48:49","date_gmt":"2021-05-11T15:48:49","guid":{"rendered":"https:\/\/e-peak.net\/?post_type=product&#038;p=5821"},"modified":"2021-06-24T13:06:11","modified_gmt":"2021-06-24T10:06:11","slug":"ozcelik-delta-iii-otomatik-onden-cikma-testereli-profil-dilimleme-makinesi-o450mm","status":"publish","type":"product","link":"https:\/\/e-peak.net\/en\/urun\/ozcelik-delta-iii-otomatik-onden-cikma-testereli-profil-dilimleme-makinesi-o450mm\/","title":{"rendered":"\u00d6z\u00e7elik DELTA III Automatic Profile Slicing Machine With Forward Motion Blade \u00d8 450 mm"},"content":{"rendered":"<p>Model Year: 2014<\/p>\n<p>Condition: Renewed<\/p>\n<p>Warranty: 6 months mechanical warranty<\/p>\n<ul>\n<li>Wide profile cutting with \u00d8 450 mm saw blade<\/li>\n<li>Servo driven automatic profile feeding and batch slicing process<\/li>\n<li>Automatic clamping system<\/li>\n<li>Cutting speed adjustment<\/li>\n<li>Digital adjustment of the saw blade travel distance based on the profile<\/li>\n<li>Secure cutting by the cover equipped with a safety sensor<\/li>\n<li>Feeding system with profile deformation prevention<\/li>\n<li>Touchscreen control panel<\/li>\n<li>Process programming and large memory<\/li>\n<\/ul>\n<p><\/p>","protected":false},"excerpt":{"rendered":"<p>Used for slicing and flat cutting processes of aluminum, plastic and wooden profiles.<\/p>\n","protected":false},"featured_media":5822,"template":"","meta":[],"class_list":["post-5821","product","type-product","status-publish","has-post-thumbnail","hentry","pwb-brand-ikinci-peak","product_tag-takoz-kesim","product_tag-ikinci-el-takoz-kesim-makinesi","product_tag-dilimleme-makinesi","product_tag-ikinci-el-dilimleme-makinesi","product_tag-ozcelik-delta","product_tag-delta","product_tag-delta-3"],"brands":[{"id":462,"name":"\u0130kinci Peak","slug":"ikinci-peak"}],"_links":{"self":[{"href":"https:\/\/e-peak.net\/en\/wp-json\/wp\/v2\/product\/5821","targetHints":{"allow":["GET"]}}],"collection":[{"href":"https:\/\/e-peak.net\/en\/wp-json\/wp\/v2\/product"}],"about":[{"href":"https:\/\/e-peak.net\/en\/wp-json\/wp\/v2\/types\/product"}],"wp:featuredmedia":[{"embeddable":true,"href":"https:\/\/e-peak.net\/en\/wp-json\/wp\/v2\/media\/5822"}],"wp:attachment":[{"href":"https:\/\/e-peak.net\/en\/wp-json\/wp\/v2\/media?parent=5821"}],"curies":[{"name":"wp","href":"https:\/\/api.w.org\/{rel}","templated":true}]}}