{"id":5807,"date":"2021-05-11T14:32:33","date_gmt":"2021-05-11T11:32:33","guid":{"rendered":"https:\/\/e-peak.net\/?post_type=product&#038;p=5807"},"modified":"2021-05-11T14:34:38","modified_gmt":"2021-05-11T11:34:38","slug":"kt33-sturtz-makine-o-6x24x68x6-z2-iki-agizli-freze","status":"publish","type":"product","link":"https:\/\/e-peak.net\/en\/urun\/kt33-sturtz-makine-o-6x24x68x6-z2-iki-agizli-freze\/","title":{"rendered":"KT33 St\u00fcrtz Machine \u00d8 6x24x68x6 Z2 Double Head Flute Cutter"},"content":{"rendered":"<p>KT33 St\u00fcrtz Machine \u00d8 6x24x68x6 Z2 Double Head Flute Cutter<\/p>","protected":false},"excerpt":{"rendered":"<p>\u00d8 6x24x68x6 Z2 Double Head Flute Cutter<\/p>\n","protected":false},"featured_media":5808,"template":"","meta":[],"class_list":["post-5807","product","type-product","status-publish","has-post-thumbnail","hentry","product_cat-sarf-malzemeleri","product_cat-freze-uclari"],"brands":[],"_links":{"self":[{"href":"https:\/\/e-peak.net\/en\/wp-json\/wp\/v2\/product\/5807","targetHints":{"allow":["GET"]}}],"collection":[{"href":"https:\/\/e-peak.net\/en\/wp-json\/wp\/v2\/product"}],"about":[{"href":"https:\/\/e-peak.net\/en\/wp-json\/wp\/v2\/types\/product"}],"wp:featuredmedia":[{"embeddable":true,"href":"https:\/\/e-peak.net\/en\/wp-json\/wp\/v2\/media\/5808"}],"wp:attachment":[{"href":"https:\/\/e-peak.net\/en\/wp-json\/wp\/v2\/media?parent=5807"}],"curies":[{"name":"wp","href":"https:\/\/api.w.org\/{rel}","templated":true}]}}