{"id":5805,"date":"2021-05-11T14:29:30","date_gmt":"2021-05-11T11:29:30","guid":{"rendered":"https:\/\/e-peak.net\/?post_type=product&#038;p=5805"},"modified":"2021-05-11T14:30:33","modified_gmt":"2021-05-11T11:30:33","slug":"kt18-sturtz-makine-o-0x35x60x100x10-z2-hss-e-iki-agizli-sag-freze","status":"publish","type":"product","link":"https:\/\/e-peak.net\/en\/urun\/kt18-sturtz-makine-o-0x35x60x100x10-z2-hss-e-iki-agizli-sag-freze\/","title":{"rendered":"KT18 St\u00fcrtz Machine \u00d8 0x35x60x100x10 Z2 HSS-E Double Head Flute Cutter"},"content":{"rendered":"<p>KT18 St\u00fcrtz Machine \u00d8 0x35x60x100x10 Z2 HSS-E Double Head Flute Cutter<\/p>","protected":false},"excerpt":{"rendered":"<p>\u00d8 0x35x60x100x10 Z2 HSS-E Double Head Flute Cutter<\/p>\n","protected":false},"featured_media":5806,"template":"","meta":[],"class_list":["post-5805","product","type-product","status-publish","has-post-thumbnail","hentry","product_cat-sarf-malzemeleri","product_cat-freze-uclari"],"brands":[],"_links":{"self":[{"href":"https:\/\/e-peak.net\/en\/wp-json\/wp\/v2\/product\/5805","targetHints":{"allow":["GET"]}}],"collection":[{"href":"https:\/\/e-peak.net\/en\/wp-json\/wp\/v2\/product"}],"about":[{"href":"https:\/\/e-peak.net\/en\/wp-json\/wp\/v2\/types\/product"}],"wp:featuredmedia":[{"embeddable":true,"href":"https:\/\/e-peak.net\/en\/wp-json\/wp\/v2\/media\/5806"}],"wp:attachment":[{"href":"https:\/\/e-peak.net\/en\/wp-json\/wp\/v2\/media?parent=5805"}],"curies":[{"name":"wp","href":"https:\/\/api.w.org\/{rel}","templated":true}]}}