{"id":5803,"date":"2021-05-11T14:26:38","date_gmt":"2021-05-11T11:26:38","guid":{"rendered":"https:\/\/e-peak.net\/?post_type=product&#038;p=5803"},"modified":"2021-05-11T14:27:34","modified_gmt":"2021-05-11T11:27:34","slug":"kt32-sturtz-makine-o-5x30x80x8-z1-hm-tek-agizli-freze","status":"publish","type":"product","link":"https:\/\/e-peak.net\/en\/urun\/kt32-sturtz-makine-o-5x30x80x8-z1-hm-tek-agizli-freze\/","title":{"rendered":"KT32 St\u00fcrtz Machine \u00d8 5x30x80x8 Z1 HM Single Flute Cutter"},"content":{"rendered":"<p>KT32 St\u00fcrtz Machine \u00d8 5x30x80x8 Z1 HM Single Flute Cutter<\/p>","protected":false},"excerpt":{"rendered":"<p>\u00d8 5x30x80x8 Z1 HM Single Flute Cutter<\/p>\n","protected":false},"featured_media":5804,"template":"","meta":[],"class_list":["post-5803","product","type-product","status-publish","has-post-thumbnail","hentry","product_cat-sarf-malzemeleri","product_cat-freze-uclari"],"brands":[],"_links":{"self":[{"href":"https:\/\/e-peak.net\/en\/wp-json\/wp\/v2\/product\/5803","targetHints":{"allow":["GET"]}}],"collection":[{"href":"https:\/\/e-peak.net\/en\/wp-json\/wp\/v2\/product"}],"about":[{"href":"https:\/\/e-peak.net\/en\/wp-json\/wp\/v2\/types\/product"}],"wp:featuredmedia":[{"embeddable":true,"href":"https:\/\/e-peak.net\/en\/wp-json\/wp\/v2\/media\/5804"}],"wp:attachment":[{"href":"https:\/\/e-peak.net\/en\/wp-json\/wp\/v2\/media?parent=5803"}],"curies":[{"name":"wp","href":"https:\/\/api.w.org\/{rel}","templated":true}]}}