{"id":5797,"date":"2021-05-11T14:15:24","date_gmt":"2021-05-11T11:15:24","guid":{"rendered":"https:\/\/e-peak.net\/?post_type=product&#038;p=5797"},"modified":"2021-05-11T14:20:46","modified_gmt":"2021-05-11T11:20:46","slug":"kt27-sturtz-makine-o-7-5x20x75x6-z2-hm-cift-agizli","status":"publish","type":"product","link":"https:\/\/e-peak.net\/en\/urun\/kt27-sturtz-makine-o-7-5x20x75x6-z2-hm-cift-agizli\/","title":{"rendered":"KT27 St\u00fcrtz Machine \u00d8 7.5x20x75x6 Z2 HM Double Flute Cutter"},"content":{"rendered":"<p>KT27 St\u00fcrtz Machine \u00d8 7.5x20x75x6 Z2 HM Double Flute Cutter<\/p>","protected":false},"excerpt":{"rendered":"<p>\u00d8 7.5x20x75x6 Z2 HM Double Flute Cutter<\/p>\n","protected":false},"featured_media":5798,"template":"","meta":[],"class_list":["post-5797","product","type-product","status-publish","has-post-thumbnail","hentry","product_cat-sarf-malzemeleri","product_cat-freze-uclari"],"brands":[],"_links":{"self":[{"href":"https:\/\/e-peak.net\/en\/wp-json\/wp\/v2\/product\/5797","targetHints":{"allow":["GET"]}}],"collection":[{"href":"https:\/\/e-peak.net\/en\/wp-json\/wp\/v2\/product"}],"about":[{"href":"https:\/\/e-peak.net\/en\/wp-json\/wp\/v2\/types\/product"}],"wp:featuredmedia":[{"embeddable":true,"href":"https:\/\/e-peak.net\/en\/wp-json\/wp\/v2\/media\/5798"}],"wp:attachment":[{"href":"https:\/\/e-peak.net\/en\/wp-json\/wp\/v2\/media?parent=5797"}],"curies":[{"name":"wp","href":"https:\/\/api.w.org\/{rel}","templated":true}]}}