{"id":5575,"date":"2021-05-06T14:28:42","date_gmt":"2021-05-06T11:28:42","guid":{"rendered":"https:\/\/e-peak.net\/epeak\/?post_type=product&#038;p=5575"},"modified":"2021-08-20T15:18:53","modified_gmt":"2021-08-20T12:18:53","slug":"ozcelik-gemini-iii-a-otomatik-cift-kafa-kesim-makinesi","status":"publish","type":"product","link":"https:\/\/e-peak.net\/en\/urun\/ozcelik-gemini-iii-a-otomatik-cift-kafa-kesim-makinesi\/","title":{"rendered":"\u00d6z\u00e7elik Gemini &#8211; III A Double Head Cutting Machine \u00d8 400 mm"},"content":{"rendered":"<p>Model Year: 2012<\/p>\n<p>Condition: Renewed<\/p>\n<p>Warranty: 6 months mechanical wanrranty<\/p>\n<ul>\n<li>Servo control<\/li>\n<li>Safety cuting<\/li>\n<li>Automatic positioning between -45\u00b0 and 45\u00b0by servo control<\/li>\n<li>Precise cutting<\/li>\n<\/ul>\n<p><\/p>","protected":false},"excerpt":{"rendered":"<p>Used for cutting processes of aluminum, plastic and wooden profiles.<\/p>\n","protected":false},"featured_media":5576,"template":"","meta":[],"class_list":["post-5575","product","type-product","status-publish","has-post-thumbnail","hentry","pwb-brand-ikinci-peak","product_tag-ikinci-el-kesim-makinesi","product_tag-cift-kafa-kesim-makinesi","product_tag-ikinci-el-cift-kafa-kesim","product_tag-gemini-kesim-makinesi"],"brands":[{"id":462,"name":"\u0130kinci Peak","slug":"ikinci-peak"}],"_links":{"self":[{"href":"https:\/\/e-peak.net\/en\/wp-json\/wp\/v2\/product\/5575","targetHints":{"allow":["GET"]}}],"collection":[{"href":"https:\/\/e-peak.net\/en\/wp-json\/wp\/v2\/product"}],"about":[{"href":"https:\/\/e-peak.net\/en\/wp-json\/wp\/v2\/types\/product"}],"wp:featuredmedia":[{"embeddable":true,"href":"https:\/\/e-peak.net\/en\/wp-json\/wp\/v2\/media\/5576"}],"wp:attachment":[{"href":"https:\/\/e-peak.net\/en\/wp-json\/wp\/v2\/media?parent=5575"}],"curies":[{"name":"wp","href":"https:\/\/api.w.org\/{rel}","templated":true}]}}