{"id":5374,"date":"2021-05-02T10:59:02","date_gmt":"2021-05-02T07:59:02","guid":{"rendered":"https:\/\/e-peak.net\/epeak\/?post_type=product&#038;p=5374"},"modified":"2021-05-02T11:01:19","modified_gmt":"2021-05-02T08:01:19","slug":"aluminyum-yayli-kapi-kolu","status":"publish","type":"product","link":"https:\/\/e-peak.net\/en\/urun\/aluminyum-yayli-kapi-kolu\/","title":{"rendered":"Al\u00fcminyum Yayl\u0131 Kap\u0131 Kolu PW 403"},"content":{"rendered":"<p class=\"qtranxs-available-languages-message qtranxs-available-languages-message-en\">Sorry, this entry is only available in <a href=\"https:\/\/e-peak.net\/tr\/wp-json\/wp\/v2\/product\/5374\" class=\"qtranxs-available-language-link qtranxs-available-language-link-tr\" title=\"Turkish\">Turkish<\/a>.<\/p>","protected":false},"excerpt":{"rendered":"<p class=\"qtranxs-available-languages-message qtranxs-available-languages-message-en\">Sorry, this entry is only available in <a href=\"https:\/\/e-peak.net\/tr\/wp-json\/wp\/v2\/product\/5374\" class=\"qtranxs-available-language-link qtranxs-available-language-link-tr\" title=\"Turkish\">Turkish<\/a>.<\/p>\n","protected":false},"featured_media":5375,"template":"","meta":[],"class_list":["post-5374","product","type-product","status-publish","has-post-thumbnail","hentry","product_cat-aluminyum-aksesuar","product_cat-aluminyum-kapi-kollari-aluminyum-aksesuar"],"brands":[],"_links":{"self":[{"href":"https:\/\/e-peak.net\/en\/wp-json\/wp\/v2\/product\/5374","targetHints":{"allow":["GET"]}}],"collection":[{"href":"https:\/\/e-peak.net\/en\/wp-json\/wp\/v2\/product"}],"about":[{"href":"https:\/\/e-peak.net\/en\/wp-json\/wp\/v2\/types\/product"}],"wp:featuredmedia":[{"embeddable":true,"href":"https:\/\/e-peak.net\/en\/wp-json\/wp\/v2\/media\/5375"}],"wp:attachment":[{"href":"https:\/\/e-peak.net\/en\/wp-json\/wp\/v2\/media?parent=5374"}],"curies":[{"name":"wp","href":"https:\/\/api.w.org\/{rel}","templated":true}]}}