{"id":5332,"date":"2021-05-01T22:38:41","date_gmt":"2021-05-01T19:38:41","guid":{"rendered":"https:\/\/e-peak.net\/epeak\/?post_type=product&#038;p=5332"},"modified":"2021-06-21T02:23:44","modified_gmt":"2021-06-20T23:23:44","slug":"asaspen-kapi","status":"publish","type":"product","link":"https:\/\/e-peak.net\/en\/urun\/asaspen-kapi\/","title":{"rendered":"Asa\u015fpen Kap\u0131"},"content":{"rendered":"","protected":false},"excerpt":{"rendered":"<p>Asa\u015fpen Kap\u0131<\/p>\n","protected":false},"featured_media":5333,"template":"","meta":[],"class_list":["post-5332","product","type-product","status-publish","has-post-thumbnail","hentry","product_cat-zamak-okbz-baglantilar","product_cat-pvc-aksesuar"],"brands":[],"_links":{"self":[{"href":"https:\/\/e-peak.net\/en\/wp-json\/wp\/v2\/product\/5332","targetHints":{"allow":["GET"]}}],"collection":[{"href":"https:\/\/e-peak.net\/en\/wp-json\/wp\/v2\/product"}],"about":[{"href":"https:\/\/e-peak.net\/en\/wp-json\/wp\/v2\/types\/product"}],"wp:featuredmedia":[{"embeddable":true,"href":"https:\/\/e-peak.net\/en\/wp-json\/wp\/v2\/media\/5333"}],"wp:attachment":[{"href":"https:\/\/e-peak.net\/en\/wp-json\/wp\/v2\/media?parent=5332"}],"curies":[{"name":"wp","href":"https:\/\/api.w.org\/{rel}","templated":true}]}}