{"id":5235,"date":"2021-05-01T20:21:04","date_gmt":"2021-05-01T17:21:04","guid":{"rendered":"https:\/\/e-peak.net\/epeak\/?post_type=product&#038;p=5235"},"modified":"2021-05-01T20:21:04","modified_gmt":"2021-05-01T17:21:04","slug":"zamak-cift-kanat-surgu-sag-sol-hareket-sa-011","status":"publish","type":"product","link":"https:\/\/e-peak.net\/en\/urun\/zamak-cift-kanat-surgu-sag-sol-hareket-sa-011\/","title":{"rendered":"Zamak \u00c7ift Kanat S\u00fcrg\u00fc Sa\u011f-Sol Hareket SA 011"},"content":{"rendered":"<p class=\"qtranxs-available-languages-message qtranxs-available-languages-message-en\">Sorry, this entry is only available in <a href=\"https:\/\/e-peak.net\/tr\/wp-json\/wp\/v2\/product\/5235\" class=\"qtranxs-available-language-link qtranxs-available-language-link-tr\" title=\"Turkish\">Turkish<\/a>.<\/p>","protected":false},"excerpt":{"rendered":"<p class=\"qtranxs-available-languages-message qtranxs-available-languages-message-en\">Sorry, this entry is only available in <a href=\"https:\/\/e-peak.net\/tr\/wp-json\/wp\/v2\/product\/5235\" class=\"qtranxs-available-language-link qtranxs-available-language-link-tr\" title=\"Turkish\">Turkish<\/a>.<\/p>\n","protected":false},"featured_media":5236,"template":"","meta":[],"class_list":["post-5235","product","type-product","status-publish","has-post-thumbnail","hentry","product_cat-pvc-aksesuar","product_cat-surguler"],"brands":[],"_links":{"self":[{"href":"https:\/\/e-peak.net\/en\/wp-json\/wp\/v2\/product\/5235","targetHints":{"allow":["GET"]}}],"collection":[{"href":"https:\/\/e-peak.net\/en\/wp-json\/wp\/v2\/product"}],"about":[{"href":"https:\/\/e-peak.net\/en\/wp-json\/wp\/v2\/types\/product"}],"wp:featuredmedia":[{"embeddable":true,"href":"https:\/\/e-peak.net\/en\/wp-json\/wp\/v2\/media\/5236"}],"wp:attachment":[{"href":"https:\/\/e-peak.net\/en\/wp-json\/wp\/v2\/media?parent=5235"}],"curies":[{"name":"wp","href":"https:\/\/api.w.org\/{rel}","templated":true}]}}