{"id":5114,"date":"2021-04-30T23:17:21","date_gmt":"2021-04-30T20:17:21","guid":{"rendered":"https:\/\/e-peak.net\/epeak\/?post_type=product&#038;p=5114"},"modified":"2021-04-30T23:18:00","modified_gmt":"2021-04-30T20:18:00","slug":"osaka-opt-p-129-kalipci-taslama","status":"publish","type":"product","link":"https:\/\/e-peak.net\/en\/urun\/osaka-opt-p-129-kalipci-taslama\/","title":{"rendered":"Osaka OPT-P 129 Kal\u0131p\u00e7\u0131 Ta\u015flama"},"content":{"rendered":"<p class=\"qtranxs-available-languages-message qtranxs-available-languages-message-en\">Sorry, this entry is only available in <a href=\"https:\/\/e-peak.net\/tr\/wp-json\/wp\/v2\/product\/5114\" class=\"qtranxs-available-language-link qtranxs-available-language-link-tr\" title=\"Turkish\">Turkish<\/a>.<\/p>","protected":false},"excerpt":{"rendered":"<p class=\"qtranxs-available-languages-message qtranxs-available-languages-message-en\">Sorry, this entry is only available in <a href=\"https:\/\/e-peak.net\/tr\/wp-json\/wp\/v2\/product\/5114\" class=\"qtranxs-available-language-link qtranxs-available-language-link-tr\" title=\"Turkish\">Turkish<\/a>.<\/p>\n","protected":false},"featured_media":5115,"template":"","meta":[],"class_list":["post-5114","product","type-product","status-publish","has-post-thumbnail","hentry","pwb-brand-osaka","product_cat-havali-el-aletleri"],"brands":[{"id":331,"name":"Osaka","slug":"osaka"}],"_links":{"self":[{"href":"https:\/\/e-peak.net\/en\/wp-json\/wp\/v2\/product\/5114","targetHints":{"allow":["GET"]}}],"collection":[{"href":"https:\/\/e-peak.net\/en\/wp-json\/wp\/v2\/product"}],"about":[{"href":"https:\/\/e-peak.net\/en\/wp-json\/wp\/v2\/types\/product"}],"wp:featuredmedia":[{"embeddable":true,"href":"https:\/\/e-peak.net\/en\/wp-json\/wp\/v2\/media\/5115"}],"wp:attachment":[{"href":"https:\/\/e-peak.net\/en\/wp-json\/wp\/v2\/media?parent=5114"}],"curies":[{"name":"wp","href":"https:\/\/api.w.org\/{rel}","templated":true}]}}